{"id":1160,"date":"2021-01-22T08:21:02","date_gmt":"2021-01-22T07:21:02","guid":{"rendered":"https:\/\/www.deadendsandcake.ch\/?page_id=1160"},"modified":"2021-10-10T14:12:43","modified_gmt":"2021-10-10T12:12:43","slug":"checkpoints","status":"publish","type":"page","link":"https:\/\/www.deadendsandcake.ch\/en\/checkpoints\/","title":{"rendered":"Checkpoints 2021"},"content":{"rendered":"\n    <div id=\"aid-gb-text-bild-block_600a7bc347a2f\" class=\"aid-gb-text-bild\">\n        <div class=\"row rtl\">\n            <div class=\"col-6\">\n\t\t\t\t\t\t\t\t                    <div class=\"iframe\">\n\t\t\t\t\t\t<iframe loading=\"lazy\" src=\"https:\/\/www.komoot.de\/collection\/1083625\/embed\" width=\"640\" height=\"580\" frameborder=\"0\" scrolling=\"no\"><\/iframe>                    <\/div>\n\t\t\t\t            <\/div>\n            <div class=\"col-6 text-align\">\n                <div class=\"text\">\n\t\t\t\t\t<h3>Where to find cake!<\/h3>\n                <\/div>\n            <\/div>\n        <\/div>\n    <\/div>\n\n\n\n    <div id=\"aid-gb-text-bild-block_60046974ec0b0\" class=\"aid-gb-text-bild\">\n        <div class=\"row ltr\">\n            <div class=\"col-6\">\n\t\t\t\t\t\t\t\t                    <div class=\"iframe\">\n\t\t\t\t\t\t<iframe loading=\"lazy\" src=\"https:\/\/www.komoot.de\/highlight\/2919310\/embed?gallery=1\" scrolling=\"no\" width=\"100%\" height=\"580\" frameborder=\"0\"><\/iframe>                    <\/div>\n\t\t\t\t            <\/div>\n            <div class=\"col-6 text-align\">\n                <div class=\"text\">\n\t\t\t\t\t<h4>Sankt Gallen &#8211; Kutscherhaus<\/h4>\n<p>Start and finish<\/p>\n<p>The old &#8220;Kutscherhaus&#8221; will be our base camp! This is where we will meet before and after.<\/p>\n<ul>\n<li>bicycle workshop at your disposal<\/li>\n<li>store your luggage<\/li>\n<li>drinks \/ coffee \/ cake<\/li>\n<li>BBQ and fireplace at your disposal<\/li>\n<\/ul>\n<p>Just drop by and feel at home!<\/p>\n<p>The beautiful city of St.Gallen will be perfect for preperation and recovery after the event. Get a coffee in the gorgeous old-town, visit one of many great restaurants or have a refreshing swim at &#8220;Drei Weihern&#8221;. You&#8217;ll love it!<\/p>\n                <\/div>\n            <\/div>\n        <\/div>\n    <\/div>\n\n\n\n    <div id=\"aid-gb-text-bild-block_60046a85ec0b1\" class=\"aid-gb-text-bild\">\n        <div class=\"row rtl\">\n            <div class=\"col-6\">\n\t\t\t\t\t\t\t\t                    <div class=\"iframe\">\n\t\t\t\t\t\t<iframe loading=\"lazy\" src=\"https:\/\/www.komoot.de\/highlight\/2919324\/embed?gallery=1\" scrolling=\"no\" width=\"100%\" height=\"580\" frameborder=\"0\"><\/iframe>                    <\/div>\n\t\t\t\t            <\/div>\n            <div class=\"col-6 text-align\">\n                <div class=\"text\">\n\t\t\t\t\t<h4>Hochalp<\/h4>\n<p>Hochalp lies just five kilometres from Schw\u00e4galppass and is even 250 metres higher than the famous pass. Enjoy the breathtaking panorama &#8211; because the gradient will take your breath!<\/p>\n                <\/div>\n            <\/div>\n        <\/div>\n    <\/div>\n\n\n\n    <div id=\"aid-gb-text-bild-block_60046ae4ec0b2\" class=\"aid-gb-text-bild\">\n        <div class=\"row ltr\">\n            <div class=\"col-6\">\n\t\t\t\t\t\t\t\t                    <div class=\"iframe\">\n\t\t\t\t\t\t<iframe loading=\"lazy\" src=\"https:\/\/www.komoot.de\/highlight\/2919330\/embed?gallery=1\" scrolling=\"no\" width=\"100%\" height=\"580\" frameborder=\"0\"><\/iframe>                    <\/div>\n\t\t\t\t            <\/div>\n            <div class=\"col-6 text-align\">\n                <div class=\"text\">\n\t\t\t\t\t<h4>Safiental &#8211; Turrahus<\/h4>\n<p>The spectacular &#8220;Ruinaulta&#8221;-road, carved into the mountain, high above the river rine is one of the best views you&#8217;ll find in the alps. After you climbed up to Versam, the road will take you to Safien-Valley and will only get smaller and more beautiful! The checkpoint will be at the beautiful, 300 years old guesthouse &#8220;Turrahus&#8221;!<\/p>\n                <\/div>\n            <\/div>\n        <\/div>\n    <\/div>\n\n\n\n    <div id=\"aid-gb-text-bild-block_60046b7aec0b3\" class=\"aid-gb-text-bild\">\n        <div class=\"row rtl\">\n            <div class=\"col-6\">\n\t\t\t\t\t\t\t\t                    <div class=\"iframe\">\n\t\t\t\t\t\t<iframe loading=\"lazy\" src=\"https:\/\/www.komoot.de\/highlight\/2919336\/embed?gallery=1\" scrolling=\"no\" width=\"100%\" height=\"580\" frameborder=\"0\"><\/iframe>                    <\/div>\n\t\t\t\t            <\/div>\n            <div class=\"col-6 text-align\">\n                <div class=\"text\">\n\t\t\t\t\t<h4>Calfeisental &#8211; Sankt Martin<\/h4>\n<p>Sankt Martin &#8211; a tiny village at the very end of Calfeisen valley. The almost forgotten village consists of a small chapel, a water mill and several wooden cabins &#8211; more than 700 year old! This is where time seems to be standing still and you can feel nature, history, the deep blue lake and the majestic mountains!<\/p>\n<p>Be aware &#8211; the road from &#8220;Gigerwald-Lake&#8221; to Sankt Martin is so narrow, that traffic is run alternating:<\/p>\n<p>full hour until 20 past &gt; in direction to Sankt Martin<\/p>\n<p>half hour until 10 to &gt; in direction to the lake<\/p>\n<p>from 6 PM to 9 AM &gt; free<\/p>\n                <\/div>\n            <\/div>\n        <\/div>\n    <\/div>\n\n\n\n    <div id=\"aid-gb-text-bild-block_600a7df0bf996\" class=\"aid-gb-text-bild\">\n        <div class=\"row ltr\">\n            <div class=\"col-6\">\n\t\t\t\t\t\t\t\t                    <div class=\"iframe\">\n\t\t\t\t\t\t<iframe loading=\"lazy\" src=\"https:\/\/www.komoot.de\/highlight\/2919343\/embed\" width=\"100%\" height=\"580\" frameborder=\"0\" scrolling=\"no\"><\/iframe>                    <\/div>\n\t\t\t\t            <\/div>\n            <div class=\"col-6 text-align\">\n                <div class=\"text\">\n\t\t\t\t\t<h4>Sernftal<\/h4>\n<p>A beautiful trail leads alongside River Sernft from Schwanden to the end of the valley. A tiny and very steep road leads up to our checkpoint! But hey &#8211; there will be cake and an amazing view!!<\/p>\n                <\/div>\n            <\/div>\n        <\/div>\n    <\/div>\n\n\n\n    <div id=\"aid-gb-text-bild-block_60046ba4ec0b4\" class=\"aid-gb-text-bild\">\n        <div class=\"row rtl\">\n            <div class=\"col-6\">\n\t\t\t\t\t\t\t\t                    <div class=\"iframe\">\n\t\t\t\t\t\t<iframe loading=\"lazy\" src=\"https:\/\/www.komoot.de\/highlight\/2919349\/embed?gallery=1\" scrolling=\"no\" width=\"100%\" height=\"580\" frameborder=\"0\"><\/iframe>                    <\/div>\n\t\t\t\t            <\/div>\n            <div class=\"col-6 text-align\">\n                <div class=\"text\">\n\t\t\t\t\t<h4>T\u00f6sstal &#8211; D\u00e4gelsberg<\/h4>\n<p><strong>Attention: for the Dead Ends Challenge the checkpoint T\u00f6sstal is moved to Restaurant Sennh\u00fctte!<\/strong><\/p>\n<p>D\u00e4gelsberg Wiesli, just below the &#8220;D\u00e4gelsberg&#8221;. A small and steep road rises\u00a0 from Steg im T\u00f6sstal towards D\u00e4gelsberg. Many fountains with fresh springwater will keep you fresh and the quaint mountain hut &#8220;Sennh\u00fctte&#8221; is a perfect spot for fresh food and cold drinks.\u00a0 From there a gravel road leads you past H\u00fcbschegg to the D\u00e4gelsberg H\u00fctte, where a well deserved piece of cake is waiting for your!<\/p>\n<p>There are countless small roads and trails through this large and wild forest (plan carefully &#8211; some of them are VERY steep!). With some luck you&#8217;ll spot chamois, grouses, golden eagles or even a lynx!<\/p>\n                <\/div>\n            <\/div>\n        <\/div>\n    <\/div>\n","protected":false},"excerpt":{"rendered":"","protected":false},"author":2,"featured_media":305,"parent":0,"menu_order":33,"comment_status":"closed","ping_status":"closed","template":"","meta":{"_acf_changed":false,"footnotes":""},"class_list":["post-1160","page","type-page","status-publish","has-post-thumbnail","hentry"],"acf":[],"_links":{"self":[{"href":"https:\/\/www.deadendsandcake.ch\/en\/wp-json\/wp\/v2\/pages\/1160","targetHints":{"allow":["GET"]}}],"collection":[{"href":"https:\/\/www.deadendsandcake.ch\/en\/wp-json\/wp\/v2\/pages"}],"about":[{"href":"https:\/\/www.deadendsandcake.ch\/en\/wp-json\/wp\/v2\/types\/page"}],"author":[{"embeddable":true,"href":"https:\/\/www.deadendsandcake.ch\/en\/wp-json\/wp\/v2\/users\/2"}],"replies":[{"embeddable":true,"href":"https:\/\/www.deadendsandcake.ch\/en\/wp-json\/wp\/v2\/comments?post=1160"}],"version-history":[{"count":9,"href":"https:\/\/www.deadendsandcake.ch\/en\/wp-json\/wp\/v2\/pages\/1160\/revisions"}],"predecessor-version":[{"id":3589,"href":"https:\/\/www.deadendsandcake.ch\/en\/wp-json\/wp\/v2\/pages\/1160\/revisions\/3589"}],"wp:featuredmedia":[{"embeddable":true,"href":"https:\/\/www.deadendsandcake.ch\/en\/wp-json\/wp\/v2\/media\/305"}],"wp:attachment":[{"href":"https:\/\/www.deadendsandcake.ch\/en\/wp-json\/wp\/v2\/media?parent=1160"}],"curies":[{"name":"wp","href":"https:\/\/api.w.org\/{rel}","templated":true}]}}